{"id":257,"date":"2017-06-01T09:09:41","date_gmt":"2017-06-01T09:09:41","guid":{"rendered":"https:\/\/szvogep.hu\/?page_id=257\/"},"modified":"2017-06-01T09:09:41","modified_gmt":"2017-06-01T09:09:41","slug":"references","status":"publish","type":"page","link":"https:\/\/szvogep.hu\/en\/references\/","title":{"rendered":"References"},"content":{"rendered":"<p><strong>GRIPLAST ( France )<\/strong> 2 pcs. SZ-63, 1 pc. SZ-75 extruder production<\/p>\n<p>SZ-63 Bimetallic pulley and cylinder production<\/p>\n<p><strong>NPO PROTEKT ( Russia )<\/strong>\u00a0 10\u201d Netlon mesh manufacturing head, Trical mesh manufacturing line production<\/p>\n<p>10\u201d \u00e9s 8\u201d Netlon mesh tools production<\/p>\n<p><strong>AGROSTAV-KOVOPLAST ( Slovakia )<\/strong> SZ-55 extruder and foil-blowing rotating head production<\/p>\n<p><strong>SHRINKTECH S.R.O. ( Slovakia )<\/strong> Pipe reeling unit production<\/p>\n<p><strong>FETI KFT.<\/strong> SZ-26\/32 Twin-screw pulley extruder, SZ-63 Extruder and melt production<\/p>\n<p><strong>GI-PLAST KFT.<\/strong> SZ-63 Foil-blowing machine, SZ-63 Bimetallic pulley and cylinder production<\/p>\n<p><strong>POLYTECH INDUSTRIE KFT.<\/strong> SZ-25 extruder, SZ-55 extruder production<\/p>\n<p>Pipe head modifications<\/p>\n<p><strong>FOLICOLOR BT.<\/strong> SZ-33, SZ-45 Foil-blowing machine.<\/p>\n<p><strong>AMCO KFT.<\/strong> Laminating machine production.<\/p>\n<p><strong>MANITOX KFT.<\/strong> SZ-45 automatic foil twin-reeling unit production<\/p>\n<p>SZ-55 Foil-blowing machine<\/p>\n<p><strong>T\u00c1ZL\u00c1RI M\u0170ANYAG\u00dcZEM KFT.<\/strong>. SZ-45, SZ-63 Foil-blowing machine<\/p>\n<p><strong>ENERGIA \u00dcGYN\u00d6KS\u00c9G K\u00d6ZH. NONPR. KFT.<\/strong> SZ-55 Twin-screw pulley melting extruder production.<\/p>\n<p><strong>FORR\u00c1S CENTRUM KFT.<\/strong>. SZ-45 Foil-blowing machine.<\/p>\n<p><strong>PEM\u00dc ZRT.<\/strong> Melt pump and filter changer production<\/p>\n<p><strong>POPGRO S.R.O. ( Slovakia )<\/strong> Pulley and cylinder production<\/p>\n<p><strong>RELAX 2000 S.R.O. ( Slovakia )<\/strong> Pulley and cylinder renovation<\/p>\n<p><strong>ROMCAB S.A. ( Romania )<\/strong> Renovation of extruder pulleys and cylinders<\/p>\n<p><strong>CNG EMBALLAGES INDUSTRIELS ( France )<\/strong> SZ-33 Mesh manufacturing line, SZ-75 extruder,<\/p>\n<p>and mesh tools production<\/p>\n<p><strong>IRIDEX GROUP PLASTIC S.R.L. ( Romania )<\/strong> Mesh tools production<\/p>\n<p><strong>PARAINESIS KFT.<\/strong> Renovation of bimetallic pulleys and cylinders<\/p>\n<p>Foil-blowing rotating head reparation<\/p>\n<p><strong>RATIZOL KFT.<\/strong> SZ-45 extruders and foil-blowing rotating head production<\/p>\n<p>SZ-45 cylinder honing, re-nitriding and the production of new pulleys<\/p>\n<p><strong>WEENER PLASTIK KFT.<\/strong> Pulley production, cylinder honing and re-nitriding<\/p>\n<p><strong>POLIFOAM KFT.<\/strong> Parabolic cylinder production<\/p>\n<p><strong>DOMINIS PILLE-F\u00d3LIA KFT.<\/strong> SZ-45 Bimetallic pulley and cylinder production<\/p>\n<p><strong>SZEMI PACK KFT.<\/strong> SZ 45 Foil-blowing machine<\/p>\n<p>SZ-45 Bimetallic pulley and cylinder production<\/p>\n<p><strong>TISZAI VEGYI KOMBIN\u00c1T NYRT.<\/strong> Extruder pulley production, according to drawings<\/p>\n<p><strong>ANTAL \u00c9S ANTAL KFT.<\/strong> PVC pulley modification<\/p>\n<p><strong>AXICON KFT.<\/strong> Long-hole drilling<\/p>\n<p><strong>BRD PAP\u00cdR KFT.<\/strong> Production of components for the reparation of machines used in the paper industry<\/p>\n<p><strong>MED PLAST 2000 KFT.<\/strong> Production of components<\/p>\n<p><strong>ICO ZRT.<\/strong> Renovation of injection cylinder and pulley<\/p>\n<p><strong>ROTA PACK ZRT<\/strong>. Renovation of aluminum cooling ring<\/p>\n<p><strong>BRUNNBAUER BUDAPEST KFT.<\/strong> Production of components, according to drawings<\/p>\n<p><strong>INTERMAS EASTERN EUROPE KFT.<\/strong> Renovation of wood protecting mesh reeling unit THERMOFOAM KFT. Grinding of chrome cylinders and rubber cylinders<\/p>\n","protected":false},"excerpt":{"rendered":"<p>GRIPLAST ( France ) 2 pcs. SZ-63, 1 pc. SZ-75 extruder production SZ-63 Bimetallic pulley and cylinder production NPO PROTEKT ( Russia )\u00a0 10\u201d Netlon mesh<span class=\"excerpt-hellip\"> [\u2026]<\/span><\/p>\n","protected":false},"author":1,"featured_media":0,"parent":0,"menu_order":0,"comment_status":"closed","ping_status":"closed","template":"","meta":{"om_disable_all_campaigns":false,"_monsterinsights_skip_tracking":false,"_monsterinsights_sitenote_active":false,"_monsterinsights_sitenote_note":"","_monsterinsights_sitenote_category":0,"_uf_show_specific_survey":0,"_uf_disable_surveys":false,"footnotes":""},"class_list":["post-257","page","type-page","status-publish","hentry"],"aioseo_notices":[],"_links":{"self":[{"href":"https:\/\/szvogep.hu\/en\/wp-json\/wp\/v2\/pages\/257","targetHints":{"allow":["GET"]}}],"collection":[{"href":"https:\/\/szvogep.hu\/en\/wp-json\/wp\/v2\/pages"}],"about":[{"href":"https:\/\/szvogep.hu\/en\/wp-json\/wp\/v2\/types\/page"}],"author":[{"embeddable":true,"href":"https:\/\/szvogep.hu\/en\/wp-json\/wp\/v2\/users\/1"}],"replies":[{"embeddable":true,"href":"https:\/\/szvogep.hu\/en\/wp-json\/wp\/v2\/comments?post=257"}],"version-history":[{"count":1,"href":"https:\/\/szvogep.hu\/en\/wp-json\/wp\/v2\/pages\/257\/revisions"}],"predecessor-version":[{"id":258,"href":"https:\/\/szvogep.hu\/en\/wp-json\/wp\/v2\/pages\/257\/revisions\/258"}],"wp:attachment":[{"href":"https:\/\/szvogep.hu\/en\/wp-json\/wp\/v2\/media?parent=257"}],"curies":[{"name":"wp","href":"https:\/\/api.w.org\/{rel}","templated":true}]}}