{"id":286,"date":"2017-06-01T14:14:53","date_gmt":"2017-06-01T14:14:53","guid":{"rendered":"https:\/\/szvogep.hu\/?page_id=286\/"},"modified":"2017-06-01T14:14:53","modified_gmt":"2017-06-01T14:14:53","slug":"about-us","status":"publish","type":"page","link":"https:\/\/szvogep.hu\/en\/about-us\/","title":{"rendered":"About us"},"content":{"rendered":"<p><img decoding=\"async\" class=\"wp-image-145 alignleft\" src=\"https:\/\/szvogep.hu\/wp-content\/uploads\/2017\/05\/geppark.jpg\" alt=\"\" width=\"469\" height=\"229\" srcset=\"https:\/\/szvogep.hu\/wp-content\/uploads\/2017\/05\/geppark.jpg 900w, https:\/\/szvogep.hu\/wp-content\/uploads\/2017\/05\/geppark-300x147.jpg 300w, https:\/\/szvogep.hu\/wp-content\/uploads\/2017\/05\/geppark-768x375.jpg 768w, https:\/\/szvogep.hu\/wp-content\/uploads\/2017\/05\/geppark-260x127.jpg 260w, https:\/\/szvogep.hu\/wp-content\/uploads\/2017\/05\/geppark-50x24.jpg 50w, https:\/\/szvogep.hu\/wp-content\/uploads\/2017\/05\/geppark-150x73.jpg 150w\" sizes=\"(max-width: 469px) 100vw, 469px\" \/>The workshop started its operation in 1945 at Szentendre in a barn specially modified for this purpose. It was established by <strong>Szvoboda Ferenc<\/strong>, sr. master engine fitter.<\/p>\n<p>On the basis of experiences collected during reparation and machine reconstruction tasks, the first own-developed extruder was put into operation in 1968. The spreading of machines used in the plastics industry could have been expected since 1972. By this time 2 or 3 extruder was produced yearly.<\/p>\n<p>While the old master still continued the production of machine tools which require great expertise and a lot of handwork (he completed his last mast machine before his death in 1989), his son takes over the planning and manufacturing of machines for the plastics industry.<\/p>\n<p>The workshop has been operating in the current form since 1981. It has seen many significant developments since then. The workshop was renovated and modified in 1984, while a new hall was constructed in 1991 to expand the production area.<\/p>\n<p>The company has changed its name to SZVOG\u00c9P G\u00e9pgy\u00e1rt\u00f3 \u00e9s Kereskedelmi KFT. (SZVOG\u00c9P Machine Manufacturing and Trading Company LTD.) on November 20, 1991. Our main activity is the production of machines for the plastics industry according to unique needs.<\/p>\n","protected":false},"excerpt":{"rendered":"<p>The workshop started its operation in 1945 at Szentendre in a barn specially modified for this purpose. It was established by Szvoboda Ferenc, sr. master engine<span class=\"excerpt-hellip\"> [\u2026]<\/span><\/p>\n","protected":false},"author":1,"featured_media":0,"parent":0,"menu_order":0,"comment_status":"closed","ping_status":"closed","template":"","meta":{"om_disable_all_campaigns":false,"_monsterinsights_skip_tracking":false,"_monsterinsights_sitenote_active":false,"_monsterinsights_sitenote_note":"","_monsterinsights_sitenote_category":0,"_uf_show_specific_survey":0,"_uf_disable_surveys":false,"footnotes":""},"class_list":["post-286","page","type-page","status-publish","hentry"],"aioseo_notices":[],"_links":{"self":[{"href":"https:\/\/szvogep.hu\/en\/wp-json\/wp\/v2\/pages\/286","targetHints":{"allow":["GET"]}}],"collection":[{"href":"https:\/\/szvogep.hu\/en\/wp-json\/wp\/v2\/pages"}],"about":[{"href":"https:\/\/szvogep.hu\/en\/wp-json\/wp\/v2\/types\/page"}],"author":[{"embeddable":true,"href":"https:\/\/szvogep.hu\/en\/wp-json\/wp\/v2\/users\/1"}],"replies":[{"embeddable":true,"href":"https:\/\/szvogep.hu\/en\/wp-json\/wp\/v2\/comments?post=286"}],"version-history":[{"count":1,"href":"https:\/\/szvogep.hu\/en\/wp-json\/wp\/v2\/pages\/286\/revisions"}],"predecessor-version":[{"id":290,"href":"https:\/\/szvogep.hu\/en\/wp-json\/wp\/v2\/pages\/286\/revisions\/290"}],"wp:attachment":[{"href":"https:\/\/szvogep.hu\/en\/wp-json\/wp\/v2\/media?parent=286"}],"curies":[{"name":"wp","href":"https:\/\/api.w.org\/{rel}","templated":true}]}}