{"id":287,"date":"2017-06-01T14:13:25","date_gmt":"2017-06-01T14:13:25","guid":{"rendered":"https:\/\/szvogep.hu\/?page_id=287\/"},"modified":"2017-06-01T14:14:28","modified_gmt":"2017-06-01T14:14:28","slug":"%d0%b8%d0%bd%d1%84%d0%be%d1%80%d0%bc%d0%b0%d1%86%d0%b8%d1%8f-%d0%be-%d0%ba%d0%be%d0%bc%d0%bf%d0%b0%d0%bd%d0%b8%d0%b8","status":"publish","type":"page","link":"https:\/\/szvogep.hu\/ru\/%d0%b8%d0%bd%d1%84%d0%be%d1%80%d0%bc%d0%b0%d1%86%d0%b8%d1%8f-%d0%be-%d0%ba%d0%be%d0%bc%d0%bf%d0%b0%d0%bd%d0%b8%d0%b8\/","title":{"rendered":"\u0418\u043d\u0444\u043e\u0440\u043c\u0430\u0446\u0438\u044f \u043e \u043a\u043e\u043c\u043f\u0430\u043d\u0438\u0438"},"content":{"rendered":"<p><img decoding=\"async\" class=\"wp-image-145 alignleft\" src=\"https:\/\/szvogep.hu\/wp-content\/uploads\/2017\/05\/geppark.jpg\" alt=\"\" width=\"517\" height=\"253\" srcset=\"https:\/\/szvogep.hu\/wp-content\/uploads\/2017\/05\/geppark.jpg 900w, https:\/\/szvogep.hu\/wp-content\/uploads\/2017\/05\/geppark-300x147.jpg 300w, https:\/\/szvogep.hu\/wp-content\/uploads\/2017\/05\/geppark-768x375.jpg 768w, https:\/\/szvogep.hu\/wp-content\/uploads\/2017\/05\/geppark-260x127.jpg 260w, https:\/\/szvogep.hu\/wp-content\/uploads\/2017\/05\/geppark-50x24.jpg 50w, https:\/\/szvogep.hu\/wp-content\/uploads\/2017\/05\/geppark-150x73.jpg 150w\" sizes=\"(max-width: 517px) 100vw, 517px\" \/><\/p>\n<p>\u041a\u043e\u043c\u043f\u0430\u043d\u0438\u044f \u0432\u0435\u0434\u0435\u0442 \u0441\u0432\u043e\u044e \u0438\u0441\u0442\u043e\u0440\u0438\u044e \u0441\u00a0\u043c\u0435\u0445\u0430\u043d\u0438\u0447\u0435\u0441\u043a\u043e\u0439 \u043c\u0430\u0441\u0442\u0435\u0440\u0441\u043a\u043e\u0439, \u043a\u043e\u0442\u043e\u0440\u0430\u044f \u043e\u0442\u043a\u0440\u044b\u043b\u0430\u0441\u044c \u0432\u00a01945 \u0433\u043e\u0434\u0443 \u0432\u00a0\u0433\u043e\u0440\u043e\u0434\u043a\u0435 \u0421\u0435\u043d\u0442\u0435\u043d\u0434\u0440\u0435 \u0432\u00a0\u043f\u0440\u0438\u0441\u043f\u043e\u0441\u043e\u0431\u043b\u0435\u043d\u043d\u043e\u0439 \u0434\u043b\u044f \u044d\u0442\u043e\u0433\u043e \u0445\u043e\u0437\u044f\u0439\u0441\u0442\u0432\u0435\u043d\u043d\u043e\u0439 \u043f\u043e\u0441\u0442\u0440\u043e\u0439\u043a\u0435. \u0415\u0435 \u043e\u0441\u043d\u043e\u0432\u0430\u0442\u0435\u043b\u0435\u043c \u0431\u044b\u043b \u0441\u043b\u0435\u0441\u0430\u0440\u043d\u044b\u0445 \u0434\u0435\u043b \u043c\u0430\u0441\u0442\u0435\u0440 \u0424\u0435\u0440\u0435\u043d\u0446 \u0421\u0432\u043e\u0431\u043e\u0434\u0430 \u0441\u0442\u0430\u0440\u0448\u0438\u0439.<\/p>\n<p>\u041f\u0435\u0440\u0432\u044b\u0439 \u044d\u043a\u0441\u0442\u0440\u0443\u0434\u0435\u0440 \u0441\u043e\u0431\u0441\u0442\u0432\u0435\u043d\u043d\u043e\u0439 \u0440\u0430\u0437\u0440\u0430\u0431\u043e\u0442\u043a\u0438, \u0441\u0442\u0430\u0432\u0448\u0438\u0439 \u0440\u0435\u0437\u0443\u043b\u044c\u0442\u0430\u0442\u043e\u043c \u043c\u043d\u043e\u0433\u043e\u043b\u0435\u0442\u043d\u0435\u0433\u043e \u043e\u043f\u044b\u0442\u0430 \u043f\u043e \u0440\u0435\u043c\u043e\u043d\u0442\u0443 \u0438 \u043f\u0435\u0440\u0435\u0434\u0435\u043b\u043a\u0435 \u043c\u0430\u0448\u0438\u043d \u0438 \u043c\u0435\u0445\u0430\u043d\u0438\u0437\u043c\u043e\u0432, \u0431\u044b\u043b \u043f\u043e\u0441\u0442\u0440\u043e\u0435\u043d \u0438 \u0437\u0430\u043f\u0443\u0449\u0435\u043d \u043a\u043e\u043c\u043f\u0430\u043d\u0438\u0435\u0439 \u0432\u00a01968 \u0433\u043e\u0434\u0443. \u0421\u00a01972 \u0433\u043e\u0434\u0430 \u0434\u043b\u044f \u043a\u043e\u043c\u043f\u0430\u043d\u0438\u0438 \u043d\u0430\u0447\u0430\u043b\u0441\u044f \u043f\u0435\u0440\u0438\u043e\u0434 \u0443\u0441\u043f\u0435\u0448\u043d\u043e\u0433\u043e \u0440\u0430\u0437\u0432\u0438\u0442\u0438\u044f \u0432\u00a0\u043e\u0431\u043b\u0430\u0441\u0442\u0438 \u043f\u0440\u043e\u0438\u0437\u0432\u043e\u0434\u0441\u0442\u0432\u0430 \u043e\u0431\u043e\u0440\u0443\u0434\u043e\u0432\u0430\u043d\u0438\u044f \u0434\u043b\u044f \u043f\u043e\u043b\u0438\u043c\u0435\u0440\u043d\u043e\u0439 \u043f\u0440\u043e\u043c\u044b\u0448\u043b\u0435\u043d\u043d\u043e\u0441\u0442\u0438. \u0412\u00a0\u044d\u0442\u043e \u0432\u0440\u0435\u043c\u044f \u043a\u043e\u043c\u043f\u0430\u043d\u0438\u044f \u0432\u044b\u043f\u0443\u0441\u043a\u0430\u043b\u0430 \u0443\u0436\u0435 \u043f\u043e \u0434\u0432\u0430-\u0442\u0440\u0438 \u044d\u043a\u0441\u0442\u0440\u0443\u0434\u0435\u0440\u0430 \u0432\u00a0\u0433\u043e\u0434.<\/p>\n<p>\u041e\u0441\u043d\u043e\u0432\u0430\u0442\u0435\u043b\u044c \u043a\u043e\u043c\u043f\u0430\u043d\u0438\u0438, \u0431\u0443\u0434\u0443\u0447\u0438 \u0443\u0436\u0435 \u0432\u00a0\u043f\u0440\u0435\u043a\u043b\u043e\u043d\u043d\u043e\u043c \u0432\u043e\u0437\u0440\u0430\u0441\u0442\u0435, \u043f\u0440\u043e\u0434\u043e\u043b\u0436\u0430\u043b \u0437\u0430\u043d\u0438\u043c\u0430\u0442\u044c\u0441\u044f \u0438\u0437\u0433\u043e\u0442\u043e\u0432\u043b\u0435\u043d\u0438\u0435\u043c \u0441\u0442\u0430\u043d\u043a\u043e\u0432 \u2014 \u0440\u0430\u0431\u043e\u0442\u043e\u0439, \u0442\u0440\u0435\u0431\u043e\u0432\u0430\u0432\u0448\u0435\u0439 \u0431\u043e\u043b\u044c\u0448\u043e\u0433\u043e \u043e\u043f\u044b\u0442\u0430 \u0438 \u0440\u0443\u0447\u043d\u043e\u0433\u043e \u0442\u0440\u0443\u0434\u0430 (\u043e\u043d \u0437\u0430\u043a\u043e\u043d\u0447\u0438\u043b \u0441\u0432\u043e\u0439 \u043f\u043e\u0441\u043b\u0435\u0434\u043d\u0438\u0439 \u0441\u0442\u0430\u043d\u043e\u043a \u043d\u0435\u0437\u0430\u0434\u043e\u043b\u0433\u043e \u0434\u043e \u0441\u043c\u0435\u0440\u0442\u0438 \u0432\u00a01989 \u0433\u043e\u0434\u0443), \u0430 \u043f\u0440\u043e\u0435\u043a\u0442\u0438\u0440\u043e\u0432\u0430\u043d\u0438\u0435 \u0438 \u0432\u044b\u043f\u0443\u0441\u043a \u043c\u0430\u0448\u0438\u043d \u0434\u043b\u044f \u043f\u0440\u043e\u0438\u0437\u0432\u043e\u0434\u0441\u0442\u0432\u0430 \u0438\u0437\u0434\u0435\u043b\u0438\u0439 \u0438\u0437 \u043f\u043b\u0430\u0441\u0442\u043c\u0430\u0441\u0441\u044b \u043f\u0435\u0440\u0435\u0434\u0430\u043b \u0432\u00a0\u0440\u0443\u043a\u0438 \u0441\u044b\u043d\u0430.<\/p>\n<p>\u0412\u00a0\u0441\u0432\u043e\u0435\u043c \u043d\u044b\u043d\u0435\u0448\u043d\u0435\u043c \u0432\u0438\u0434\u0435 \u0446\u0435\u0445 \u0441\u0443\u0449\u0435\u0441\u0442\u0432\u0443\u0435\u0442 \u0441\u00a01981\u00a0\u0433\u043e\u0434\u0430. \u041d\u0430 \u043f\u0440\u043e\u0442\u044f\u0436\u0435\u043d\u0438\u0438 \u044d\u0442\u043e\u0433\u043e \u0432\u0440\u0435\u043c\u0435\u043d\u0438 \u043f\u0440\u043e\u0438\u0437\u0432\u043e\u0434\u0441\u0442\u0432\u043e \u043f\u0440\u0435\u0442\u0435\u0440\u043f\u0435\u043b\u043e \u0440\u044f\u0434 \u0437\u043d\u0430\u0447\u0438\u0442\u0435\u043b\u044c\u043d\u044b\u0445 \u0438\u0437\u043c\u0435\u043d\u0435\u043d\u0438\u0439. \u0412\u00a01984 \u0433\u043e\u0434\u0443 \u043f\u0435\u0440\u0432\u043e\u043d\u0430\u0447\u0430\u043b\u044c\u043d\u043e\u0435 \u043f\u043e\u043c\u0435\u0449\u0435\u043d\u0438\u0435 \u0431\u044b\u043b\u043e \u043f\u0435\u0440\u0435\u0441\u0442\u0440\u043e\u0435\u043d\u043e, \u0430 \u0432\u00a01991 \u0433\u043e\u0434\u0443 \u043f\u0440\u043e\u0438\u0437\u0432\u043e\u0434\u0441\u0442\u0432\u0435\u043d\u043d\u044b\u0435 \u043f\u043b\u043e\u0449\u0430\u0434\u0438 \u043f\u043e\u043f\u043e\u043b\u043d\u0438\u043b\u0438\u0441\u044c \u043d\u043e\u0432\u044b\u043c \u0446\u0435\u0445\u043e\u043c.<\/p>\n<p>\u041a\u043e\u043c\u043f\u0430\u043d\u0438\u044f \u043d\u043e\u0441\u0438\u0442 \u0438\u043c\u044f \u00ab\u041e\u041e\u041e \u043f\u043e \u043c\u0430\u0448\u0438\u043d\u043e\u0441\u0442\u0440\u043e\u0435\u043d\u0438\u044e \u0438 \u0442\u043e\u0440\u0433\u043e\u0432\u043b\u0435 SZVOG\u00c9P\u00bb (<em>SZVOG\u00c9P G\u00e9pgy\u00e1rt\u00f3 \u00e9s Kereskedelmi Kft<\/em>.) \u0441\u00a020\u00a0\u043d\u043e\u044f\u0431\u0440\u044f 1991\u00a0\u0433\u043e\u0434\u0430. \u041e\u0441\u043d\u043e\u0432\u043d\u044b\u043c \u043d\u0430\u043f\u0440\u0430\u0432\u043b\u0435\u043d\u0438\u0435 \u0435\u0435 \u0434\u0435\u044f\u0442\u0435\u043b\u044c\u043d\u043e\u0441\u0442\u0438 \u044f\u0432\u043b\u044f\u0435\u0442\u0441\u044f \u043f\u0440\u043e\u0438\u0437\u0432\u043e\u0434\u0441\u0442\u0432\u043e \u043c\u0430\u0448\u0438\u043d \u0434\u043b\u044f \u043f\u043e\u043b\u0438\u043c\u0435\u0440\u043d\u043e\u0439 \u043f\u0440\u043e\u043c\u044b\u0448\u043b\u0435\u043d\u043d\u043e\u0441\u0442\u0438 \u043f\u043e \u0438\u043d\u0434\u0438\u0432\u0438\u0434\u0443\u0430\u043b\u044c\u043d\u044b\u043c \u0437\u0430\u043a\u0430\u0437\u0430\u043c.<\/p>\n","protected":false},"excerpt":{"rendered":"<p>\u041a\u043e\u043c\u043f\u0430\u043d\u0438\u044f \u0432\u0435\u0434\u0435\u0442 \u0441\u0432\u043e\u044e \u0438\u0441\u0442\u043e\u0440\u0438\u044e \u0441\u00a0\u043c\u0435\u0445\u0430\u043d\u0438\u0447\u0435\u0441\u043a\u043e\u0439 \u043c\u0430\u0441\u0442\u0435\u0440\u0441\u043a\u043e\u0439, \u043a\u043e\u0442\u043e\u0440\u0430\u044f \u043e\u0442\u043a\u0440\u044b\u043b\u0430\u0441\u044c \u0432\u00a01945 \u0433\u043e\u0434\u0443 \u0432\u00a0\u0433\u043e\u0440\u043e\u0434\u043a\u0435 \u0421\u0435\u043d\u0442\u0435\u043d\u0434\u0440\u0435 \u0432\u00a0\u043f\u0440\u0438\u0441\u043f\u043e\u0441\u043e\u0431\u043b\u0435\u043d\u043d\u043e\u0439 \u0434\u043b\u044f \u044d\u0442\u043e\u0433\u043e \u0445\u043e\u0437\u044f\u0439\u0441\u0442\u0432\u0435\u043d\u043d\u043e\u0439 \u043f\u043e\u0441\u0442\u0440\u043e\u0439\u043a\u0435. \u0415\u0435 \u043e\u0441\u043d\u043e\u0432\u0430\u0442\u0435\u043b\u0435\u043c \u0431\u044b\u043b \u0441\u043b\u0435\u0441\u0430\u0440\u043d\u044b\u0445 \u0434\u0435\u043b \u043c\u0430\u0441\u0442\u0435\u0440 \u0424\u0435\u0440\u0435\u043d\u0446 \u0421\u0432\u043e\u0431\u043e\u0434\u0430 \u0441\u0442\u0430\u0440\u0448\u0438\u0439.<span class=\"excerpt-hellip\"> [\u2026]<\/span><\/p>\n","protected":false},"author":1,"featured_media":0,"parent":0,"menu_order":0,"comment_status":"closed","ping_status":"closed","template":"","meta":{"om_disable_all_campaigns":false,"_monsterinsights_skip_tracking":false,"_monsterinsights_sitenote_active":false,"_monsterinsights_sitenote_note":"","_monsterinsights_sitenote_category":0,"_uf_show_specific_survey":0,"_uf_disable_surveys":false,"footnotes":""},"class_list":["post-287","page","type-page","status-publish","hentry"],"aioseo_notices":[],"_links":{"self":[{"href":"https:\/\/szvogep.hu\/ru\/wp-json\/wp\/v2\/pages\/287","targetHints":{"allow":["GET"]}}],"collection":[{"href":"https:\/\/szvogep.hu\/ru\/wp-json\/wp\/v2\/pages"}],"about":[{"href":"https:\/\/szvogep.hu\/ru\/wp-json\/wp\/v2\/types\/page"}],"author":[{"embeddable":true,"href":"https:\/\/szvogep.hu\/ru\/wp-json\/wp\/v2\/users\/1"}],"replies":[{"embeddable":true,"href":"https:\/\/szvogep.hu\/ru\/wp-json\/wp\/v2\/comments?post=287"}],"version-history":[{"count":2,"href":"https:\/\/szvogep.hu\/ru\/wp-json\/wp\/v2\/pages\/287\/revisions"}],"predecessor-version":[{"id":289,"href":"https:\/\/szvogep.hu\/ru\/wp-json\/wp\/v2\/pages\/287\/revisions\/289"}],"wp:attachment":[{"href":"https:\/\/szvogep.hu\/ru\/wp-json\/wp\/v2\/media?parent=287"}],"curies":[{"name":"wp","href":"https:\/\/api.w.org\/{rel}","templated":true}]}}