{"id":766,"date":"2024-05-15T14:49:35","date_gmt":"2024-05-15T12:49:35","guid":{"rendered":"https:\/\/szvogep.hu\/?page_id=766"},"modified":"2024-05-15T14:50:23","modified_gmt":"2024-05-15T12:50:23","slug":"regranulalogep","status":"publish","type":"page","link":"https:\/\/szvogep.hu\/ru\/regranulalogep\/","title":{"rendered":"F\u00f3lia granul\u00e1l\u00f3 extruder"},"content":{"rendered":"<div class=\"wpb-content-wrapper\"><p>[vc_row][vc_column width=&#187;1\/2&#8243;][vc_media_grid element_width=&#187;6&#8243; grid_id=&#187;vc_gid:1697440090811-bb0863e3-0970-0&#8243; include=&#187;707&#8243;][vc_video link=&#187;https:\/\/youtu.be\/FauIHZ7EIZg&#187;][\/vc_column][vc_column width=&#187;1\/2&#8243;][vc_column_text css_animation=&#187;bounceIn&#187;]<\/p>\n<h3>RG SZ-45I granul\u00e1l\u00f3 extruder<\/h3>\n<h3 class=\"western\" align=\"left\"><span style=\"font-size: 12pt;\">\u00dczemi hullad\u00e9kok, tiszta PE f\u00f3lia, sz\u00e9lhullad\u00e9k \u00fajrahasznos\u00edt\u00e1s\u00e1ra, alacsony energiafelhaszn\u00e1l\u00e1ssal, v\u00edzmentesen, granul\u00e1tum v\u00e9gterm\u00e9kkel.\u00a0 <\/span><\/h3>\n<p class=\"western\" align=\"left\"><span style=\"font-size: 12pt;\">1 <\/span><span style=\"font-size: 12pt;\">\u00faj g\u00e9p rakt\u00e1ron!\u00a0<\/span><\/p>\n<p class=\"western\" align=\"left\"><strong><span style=\"font-size: medium;\">F\u0151bb adatok: <\/span><\/strong><\/p>\n<p class=\"western\" align=\"left\"><span style=\"font-size: medium;\">Speci\u00e1lis kialak\u00edt\u00e1s\u00fa csiga: \u00d845 mm, L\/D 10, max. fordulat 150\/p.<\/span><\/p>\n<p class=\"western\" align=\"left\"><span style=\"font-size: medium;\"> f\u0151motor teljes\u00edtm\u00e9ny: 4 kW <\/span><\/p>\n<p class=\"western\" align=\"left\"><span style=\"font-size: medium;\"> 1 z\u00f3na f\u0171t\u00e9s,- h\u0171t\u00e9s,<\/span><\/p>\n<p class=\"western\" align=\"left\"><span style=\"font-size: medium;\"> f\u00f3lia beh\u00faz\u00f3 egys\u00e9g<\/span><\/p>\n<p class=\"western\" align=\"left\"><span style=\"font-size: medium;\"> k\u00e9t f\u00e9szkes karos sz\u0171r\u0151v\u00e1lt\u00f3 f\u0171t\u0151testekkel felszerelve<\/span><\/p>\n<p class=\"western\" align=\"left\"><span style=\"font-size: medium;\"> granul\u00e1l\u00f3fej, k\u00e9tk\u00e9ses v\u00e1g\u00f3<\/span><\/p>\n<p class=\"western\" align=\"left\"><span style=\"font-size: medium;\"> leveg\u0151s h\u0171t\u0151egys\u00e9g, elf\u00fav\u00f3 ventil\u00e1torral, h\u0171t\u0151spir\u00e1l \u00e9s ciklon<\/span><\/p>\n<p class=\"western\" align=\"left\"><span style=\"font-size: medium;\"> Be\u00e9p\u00edtett teljes\u00edtm\u00e9ny: 10 kW<\/span><\/p>\n<p class=\"western\" align=\"left\"><span style=\"font-size: medium;\"> Teljes\u00edtm\u00e9ny: 5 \u2013 18 kg\/\u00f3, feldolgozott anyagt\u00f3l f\u00fcgg\u0151en<\/span><\/p>\n<p class=\"western\" align=\"left\"><span style=\"font-size: medium;\"> Anal\u00f3g potm\u00e9teres vez\u00e9rl\u00e9s: OMRON, PROCON elemekb\u0151l<\/span><\/p>\n<p align=\"left\"><span style=\"font-size: 12pt;\">Fokozatmentes szab\u00e1lyz\u00e1s:\u00a0 f\u00f3lia beh\u00faz\u00f3, csiga, granul\u00e1tum v\u00e1g\u00e1s<\/span><\/p>\n<p>[\/vc_column_text]<div class=\" ubtn-ctn-center \"><a class=\"ubtn-link ult-adjust-bottom-margin ubtn-center ubtn-normal \" title='Kapcsolat' rel='' href = \"https:\/\/szvogep.hu\/kapcsolat\/\" ><button type=\"button\" id=\"ubtn-2398\" class=\"ubtn ult-adjust-bottom-margin ult-responsive ubtn-normal ubtn-no-hover-bg  none  ubtn-center   tooltip-69dfa63e118b0\"  data-hover=\"\" data-border-color=\"\" data-bg=\"#1e73be\" data-hover-bg=\"\" data-border-hover=\"\" data-shadow-hover=\"\" data-shadow-click=\"none\" data-shadow=\"\" data-shd-shadow=\"\"  data-ultimate-target='#ubtn-2398'  data-responsive-json-new='{\"font-size\":\"\",\"line-height\":\"\"}'  style=\"font-weight:normal;border:none;background: #1e73be;color: #ffffff;\"><span class=\"ubtn-hover\" style=\"background-color:\"><\/span><span class=\"ubtn-data ubtn-text \" >KAPCSOLAT<\/span><\/button><\/a><\/div>[vc_column_text]<\/p>\n<h4>K\u00e9rje aj\u00e1nlatunkat!<\/h4>\n<p>[\/vc_column_text]\n<div class=\"wpcf7 no-js\" id=\"wpcf7-f9-o1\" lang=\"hu-HU\" dir=\"ltr\" data-wpcf7-id=\"9\">\n<div class=\"screen-reader-response\"><p role=\"status\" aria-live=\"polite\" aria-atomic=\"true\"><\/p> <ul><\/ul><\/div>\n<form action=\"\/ru\/wp-json\/wp\/v2\/pages\/766#wpcf7-f9-o1\" method=\"post\" class=\"wpcf7-form init\" aria-label=\"Kapcsolatfelv\u00e9teli \u0171rlap\" novalidate=\"novalidate\" data-status=\"init\">\n<div style=\"display: none;\">\n<input type=\"hidden\" name=\"_wpcf7\" value=\"9\" \/>\n<input type=\"hidden\" name=\"_wpcf7_version\" value=\"6.0.6\" \/>\n<input type=\"hidden\" name=\"_wpcf7_locale\" value=\"hu_HU\" \/>\n<input type=\"hidden\" name=\"_wpcf7_unit_tag\" value=\"wpcf7-f9-o1\" \/>\n<input type=\"hidden\" name=\"_wpcf7_container_post\" value=\"0\" \/>\n<input type=\"hidden\" name=\"_wpcf7_posted_data_hash\" value=\"\" \/>\n<input type=\"hidden\" name=\"_wpcf7_recaptcha_response\" value=\"\" \/>\n<\/div>\n<div class=\"column one-second\">\n\t<p><span class=\"wpcf7-form-control-wrap\" data-name=\"your-name\"><input size=\"40\" maxlength=\"400\" class=\"wpcf7-form-control wpcf7-text wpcf7-validates-as-required\" aria-required=\"true\" aria-invalid=\"false\" placeholder=\"N\u00e9v\" value=\"\" type=\"text\" name=\"your-name\" \/><\/span>\n\t<\/p>\n<\/div>\n<div class=\"column one-second\">\n\t<p><span class=\"wpcf7-form-control-wrap\" data-name=\"your-email\"><input size=\"40\" maxlength=\"400\" class=\"wpcf7-form-control wpcf7-email wpcf7-text wpcf7-validates-as-email\" aria-invalid=\"false\" placeholder=\"E-mail\" value=\"\" type=\"email\" name=\"your-email\" \/><\/span>\n\t<\/p>\n<\/div>\n<div class=\"column one-second\">\n\t<p><span class=\"wpcf7-form-control-wrap\" data-name=\"your-phone\"><input size=\"40\" maxlength=\"400\" class=\"wpcf7-form-control wpcf7-text wpcf7-validates-as-required\" aria-required=\"true\" aria-invalid=\"false\" placeholder=\"Telefon\" value=\"\" type=\"text\" name=\"your-phone\" \/><\/span>\n\t<\/p>\n<\/div>\n<div class=\"column one-second\">\n\t<p><span class=\"wpcf7-form-control-wrap\" data-name=\"your-subject\"><input size=\"40\" maxlength=\"400\" class=\"wpcf7-form-control wpcf7-text\" aria-invalid=\"false\" placeholder=\"T\u00e1rgy\" value=\"\" type=\"text\" name=\"your-subject\" \/><\/span>\n\t<\/p>\n<\/div>\n<div class=\"column one\">\n\t<p><span class=\"wpcf7-form-control-wrap\" data-name=\"your-message\"><textarea cols=\"40\" rows=\"10\" maxlength=\"2000\" class=\"wpcf7-form-control wpcf7-textarea wpcf7-validates-as-required\" aria-required=\"true\" aria-invalid=\"false\" placeholder=\"\u00dczenet\" name=\"your-message\"><\/textarea><\/span>\n\t<\/p>\n<\/div>\n<div class=\"column one\">\n\t<p><span class=\"wpcf7-form-control-wrap\" data-name=\"adat\"><span class=\"wpcf7-form-control wpcf7-checkbox wpcf7-validates-as-required\"><span class=\"wpcf7-list-item first last\"><input type=\"checkbox\" name=\"adat[]\" value=\"Elolvastam \u00e9s elfogadom az adatv\u00e9delmi nyilatkozatot.\" \/><span class=\"wpcf7-list-item-label\">Elolvastam \u00e9s elfogadom az adatv\u00e9delmi nyilatkozatot.<\/span><\/span><\/span><\/span><a style=\"color:black;\" href=\"https:\/\/szvogep.hu\/adatvedelmi-nyilatkozat\/\" target=\"_blank\">Adatv\u00e9delem<\/a>\n\t<\/p>\n<\/div>\n<div class=\"column one\">\n\t<p><input class=\"wpcf7-form-control wpcf7-submit has-spinner\" type=\"submit\" value=\"K\u00fcld\u00e9s\" \/>\n\t<\/p>\n<\/div><div class=\"wpcf7-response-output\" aria-hidden=\"true\"><\/div>\n<\/form>\n<\/div>\n[\/vc_column][\/vc_row]<\/p>\n<\/div>","protected":false},"excerpt":{"rendered":"<p>[vc_row][vc_column width=&#187;1\/2&#8243;][vc_media_grid element_width=&#187;6&#8243; grid_id=&#187;vc_gid:1697440090811-bb0863e3-0970-0&#8243; include=&#187;707&#8243;][vc_video link=&#187;https:\/\/youtu.be\/FauIHZ7EIZg&#187;][\/vc_column][vc_column width=&#187;1\/2&#8243;][vc_column_text css_animation=&#187;bounceIn&#187;] RG SZ-45I granul\u00e1l\u00f3 extruder \u00dczemi hullad\u00e9kok, tiszta PE f\u00f3lia, sz\u00e9lhullad\u00e9k \u00fajrahasznos\u00edt\u00e1s\u00e1ra, alacsony energiafelhaszn\u00e1l\u00e1ssal, v\u00edzmentesen, granul\u00e1tum v\u00e9gterm\u00e9kkel.\u00a0 1 \u00faj<span class=\"excerpt-hellip\"> [\u2026]<\/span><\/p>\n","protected":false},"author":1,"featured_media":0,"parent":0,"menu_order":0,"comment_status":"closed","ping_status":"closed","template":"","meta":{"om_disable_all_campaigns":false,"_monsterinsights_skip_tracking":false,"_monsterinsights_sitenote_active":false,"_monsterinsights_sitenote_note":"","_monsterinsights_sitenote_category":0,"_uf_show_specific_survey":0,"_uf_disable_surveys":false,"footnotes":""},"class_list":["post-766","page","type-page","status-publish","hentry"],"aioseo_notices":[],"_links":{"self":[{"href":"https:\/\/szvogep.hu\/ru\/wp-json\/wp\/v2\/pages\/766","targetHints":{"allow":["GET"]}}],"collection":[{"href":"https:\/\/szvogep.hu\/ru\/wp-json\/wp\/v2\/pages"}],"about":[{"href":"https:\/\/szvogep.hu\/ru\/wp-json\/wp\/v2\/types\/page"}],"author":[{"embeddable":true,"href":"https:\/\/szvogep.hu\/ru\/wp-json\/wp\/v2\/users\/1"}],"replies":[{"embeddable":true,"href":"https:\/\/szvogep.hu\/ru\/wp-json\/wp\/v2\/comments?post=766"}],"version-history":[{"count":1,"href":"https:\/\/szvogep.hu\/ru\/wp-json\/wp\/v2\/pages\/766\/revisions"}],"predecessor-version":[{"id":768,"href":"https:\/\/szvogep.hu\/ru\/wp-json\/wp\/v2\/pages\/766\/revisions\/768"}],"wp:attachment":[{"href":"https:\/\/szvogep.hu\/ru\/wp-json\/wp\/v2\/media?parent=766"}],"curies":[{"name":"wp","href":"https:\/\/api.w.org\/{rel}","templated":true}]}}